{"id":4546,"date":"2024-03-10T14:17:06","date_gmt":"2024-03-10T12:17:06","guid":{"rendered":"https:\/\/chamurkovcity.com\/ceni\/"},"modified":"2026-04-09T19:08:47","modified_gmt":"2026-04-09T16:08:47","slug":"preturi","status":"publish","type":"page","link":"https:\/\/chamurkovcity.com\/ro\/preturi\/","title":{"rendered":"Preturi"},"content":{"rendered":"<link id=\"igs-wpf-css\" type=\"text\/css\" data-href=\"https:\/\/chamurkovcity.com\/wp-content\/themes\/chamurkov\/resources\/css\/igs-wpf.css\" class=\"assets-lazy-style\" rel=\"stylesheet\" media=\"all\">\n<div class=\"mt-u-md-60 mb-u-md-60 mt-d-sm-30 mb-d-sm-30\">\n\n<div class=\"container wp-editor ts\">\n  <p>\u00cenchiriez toat\u0103 casa doar pentru tine!<\/p>\n<p>Preturi pentru <strong>1<\/strong> noapte:<\/p>\n<p>Pre\u021b pentru <strong>2<\/strong> persoane: <strong>75 \u20ac<\/strong><\/p>\n<p>Pre\u021b pentru <strong>4<\/strong> persoane: <strong>150 \u20ac<\/strong><\/p>\n<p>Pre\u021b pentru\u00a0<strong>5<\/strong> persoane: <strong>20<\/strong><strong>0<\/strong> <strong>\u20ac<\/strong><\/p>\n<p>Pre\u021b pentru <strong>6<\/strong> persoane: <strong>230 \u20ac <\/strong><\/p>\n<p>Pre\u021b pentru <strong>7<\/strong> \u0219i mai mul\u021bi oaspe\u021bi: <strong>280 \u20ac<\/strong><\/p>\n<p>Pentru sezonul sc\u0103zut \u0219i zilele lucr\u0103toare, c\u0103uta\u021bi un pre\u021b mai mic actualizat!<\/p>\n<p>Check-in: <strong>dup\u0103 ora 14:00<\/strong><\/p>\n<p>Check-out: <strong>p\u00e2n\u0103 la ora 11:00<\/strong><\/p>\n<p>Exist\u0103 o op\u021biune pentru check-in devreme \u0219i check-out t\u00e2rziu. Pentru mai multe informatii va rugam sa ne contactati.<\/p>\n<p>Pentru a v\u0103 confirma rezervarea, este necesar un avans de cel pu\u021bin 30% din costul sejurului.<\/p>\n<p>\u0218i minim 50% pentru rezerv\u0103ri de s\u0103rb\u0103tori \u0219i mai &#8211; septembrie.<\/p>\n<p>Oferte speciale Last Minute \u0219i reduceri pentru sejururi mai lungi!<\/p>\n<p>Pretul tuturor camerelor include: articole de toaleta (hartie igienica, dezinfectant, sampon, gel de dus, sapun, prosop si prosop de fata), cafea si ceai gratuite, precum si vesela, TV prin satelit (cu HBO, DIEMA sport, MAX Sport), utilizarea gratarului, mobilier de gradina.<\/p>\n<p>Sejurul minim in weekend este de 2 nopti!<\/p>\n<p>Pentru vacan\u021be se aplic\u0103 pre\u021buri diferite!<\/p>\n<p>V\u0103 rug\u0103m s\u0103 ne contacta\u021bi pentru mai multe informa\u021bii!<\/p>\n<\/div>\n\n<\/div>\n","protected":false},"excerpt":{"rendered":"<div class=\"wp-editor\"><\/div>\n","protected":false},"author":2,"featured_media":0,"parent":0,"menu_order":0,"comment_status":"closed","ping_status":"closed","template":"","meta":{"_acf_changed":true,"footnotes":""},"class_list":["post-4546","page","type-page","status-publish","hentry"],"acf":[],"yoast_head":"<!-- This site is optimized with the Yoast SEO plugin v26.6 - https:\/\/yoast.com\/wordpress\/plugins\/seo\/ -->\n<title>Preturi - Pensiunea Chamurkov Centrul - \u043d\u043e\u0449\u0443\u0432\u043a\u0438 \u0432 \u043b\u0443\u043a\u0441\u043e\u0437\u043d\u0430 \u043a\u044a\u0449\u0430 \u0432\u044a\u0432 \u0412\u0435\u043b\u0438\u043a\u043e \u0422\u044a\u0440\u043d\u043e\u0432\u043e<\/title>\n<meta name=\"description\" content=\"\u0426\u0435\u043d\u0438 \u0437\u0430 \u043d\u043e\u0449\u0443\u0432\u043a\u0430 \u0432 \u0427\u0430\u043c\u0443\u0440\u043a\u043e\u0432\u0430\u0442\u0430 \u0433\u0440\u0430\u0434\u0441\u043a\u0430 \u043a\u044a\u0449\u0430 \u0432 \u0446\u0435\u043d\u0442\u044a\u0440\u0430 \u043d\u0430 \u0412\u0435\u043b\u0438\u043a\u043e \u0422\u044a\u0440\u043d\u043e\u0432\u043e, \u0431\u043b\u0438\u0437\u043e \u0434\u043e \u0432\u0441\u0438\u0447\u043a\u0438 \u0437\u0430\u0431\u0435\u043b\u0435\u0436\u0438\u0442\u0435\u043b\u043d\u043e\u0441\u0442\u0438 \u0438 \u0440\u0435\u0441\u0442\u043e\u0440\u0430\u043d\u0442\u0438...\" \/>\n<meta name=\"robots\" content=\"index, follow, max-snippet:-1, max-image-preview:large, max-video-preview:-1\" \/>\n<link rel=\"canonical\" href=\"https:\/\/chamurkovcity.com\/ro\/preturi\/\" \/>\n<meta property=\"og:locale\" content=\"ro_RO\" \/>\n<meta property=\"og:type\" content=\"article\" \/>\n<meta property=\"og:title\" content=\"Preturi - Pensiunea Chamurkov Centrul - \u043d\u043e\u0449\u0443\u0432\u043a\u0438 \u0432 \u043b\u0443\u043a\u0441\u043e\u0437\u043d\u0430 \u043a\u044a\u0449\u0430 \u0432\u044a\u0432 \u0412\u0435\u043b\u0438\u043a\u043e \u0422\u044a\u0440\u043d\u043e\u0432\u043e\" \/>\n<meta property=\"og:description\" content=\"\u0426\u0435\u043d\u0438 \u0437\u0430 \u043d\u043e\u0449\u0443\u0432\u043a\u0430 \u0432 \u0427\u0430\u043c\u0443\u0440\u043a\u043e\u0432\u0430\u0442\u0430 \u0433\u0440\u0430\u0434\u0441\u043a\u0430 \u043a\u044a\u0449\u0430 \u0432 \u0446\u0435\u043d\u0442\u044a\u0440\u0430 \u043d\u0430 \u0412\u0435\u043b\u0438\u043a\u043e \u0422\u044a\u0440\u043d\u043e\u0432\u043e, \u0431\u043b\u0438\u0437\u043e \u0434\u043e \u0432\u0441\u0438\u0447\u043a\u0438 \u0437\u0430\u0431\u0435\u043b\u0435\u0436\u0438\u0442\u0435\u043b\u043d\u043e\u0441\u0442\u0438 \u0438 \u0440\u0435\u0441\u0442\u043e\u0440\u0430\u043d\u0442\u0438...\" \/>\n<meta property=\"og:url\" content=\"https:\/\/chamurkovcity.com\/ro\/preturi\/\" \/>\n<meta property=\"og:site_name\" content=\"Pensiunea Chamurkov Centrul\" \/>\n<meta property=\"article:modified_time\" content=\"2026-04-09T16:08:47+00:00\" \/>\n<meta name=\"twitter:card\" content=\"summary_large_image\" \/>\n<meta name=\"twitter:label1\" content=\"Timp estimat pentru citire\" \/>\n\t<meta name=\"twitter:data1\" content=\"1 minut\" \/>\n<script type=\"application\/ld+json\" class=\"yoast-schema-graph\">{\"@context\":\"https:\/\/schema.org\",\"@graph\":[{\"@type\":\"WebPage\",\"@id\":\"https:\/\/chamurkovcity.com\/ro\/preturi\/\",\"url\":\"https:\/\/chamurkovcity.com\/ro\/preturi\/\",\"name\":\"Preturi - Pensiunea Chamurkov Centrul - \u043d\u043e\u0449\u0443\u0432\u043a\u0438 \u0432 \u043b\u0443\u043a\u0441\u043e\u0437\u043d\u0430 \u043a\u044a\u0449\u0430 \u0432\u044a\u0432 \u0412\u0435\u043b\u0438\u043a\u043e \u0422\u044a\u0440\u043d\u043e\u0432\u043e\",\"isPartOf\":{\"@id\":\"https:\/\/chamurkovcity.com\/ro\/#website\"},\"datePublished\":\"2024-03-10T12:17:06+00:00\",\"dateModified\":\"2026-04-09T16:08:47+00:00\",\"description\":\"\u0426\u0435\u043d\u0438 \u0437\u0430 \u043d\u043e\u0449\u0443\u0432\u043a\u0430 \u0432 \u0427\u0430\u043c\u0443\u0440\u043a\u043e\u0432\u0430\u0442\u0430 \u0433\u0440\u0430\u0434\u0441\u043a\u0430 \u043a\u044a\u0449\u0430 \u0432 \u0446\u0435\u043d\u0442\u044a\u0440\u0430 \u043d\u0430 \u0412\u0435\u043b\u0438\u043a\u043e \u0422\u044a\u0440\u043d\u043e\u0432\u043e, \u0431\u043b\u0438\u0437\u043e \u0434\u043e \u0432\u0441\u0438\u0447\u043a\u0438 \u0437\u0430\u0431\u0435\u043b\u0435\u0436\u0438\u0442\u0435\u043b\u043d\u043e\u0441\u0442\u0438 \u0438 \u0440\u0435\u0441\u0442\u043e\u0440\u0430\u043d\u0442\u0438...\",\"breadcrumb\":{\"@id\":\"https:\/\/chamurkovcity.com\/ro\/preturi\/#breadcrumb\"},\"inLanguage\":\"ro-RO\",\"potentialAction\":[{\"@type\":\"ReadAction\",\"target\":[\"https:\/\/chamurkovcity.com\/ro\/preturi\/\"]}]},{\"@type\":\"BreadcrumbList\",\"@id\":\"https:\/\/chamurkovcity.com\/ro\/preturi\/#breadcrumb\",\"itemListElement\":[{\"@type\":\"ListItem\",\"position\":1,\"name\":\"Home\",\"item\":\"https:\/\/chamurkovcity.com\/ro\/\"},{\"@type\":\"ListItem\",\"position\":2,\"name\":\"Preturi\"}]},{\"@type\":\"WebSite\",\"@id\":\"https:\/\/chamurkovcity.com\/ro\/#website\",\"url\":\"https:\/\/chamurkovcity.com\/ro\/\",\"name\":\"Chamurkov City\",\"description\":\"O pensiune de lux cu curte \u00een centrul ora\u0219ului Veliko Tarnovo\",\"potentialAction\":[{\"@type\":\"SearchAction\",\"target\":{\"@type\":\"EntryPoint\",\"urlTemplate\":\"https:\/\/chamurkovcity.com\/ro\/?s={search_term_string}\"},\"query-input\":{\"@type\":\"PropertyValueSpecification\",\"valueRequired\":true,\"valueName\":\"search_term_string\"}}],\"inLanguage\":\"ro-RO\"}]}<\/script>\n<!-- \/ Yoast SEO plugin. -->","yoast_head_json":{"title":"Preturi - Pensiunea Chamurkov Centrul - \u043d\u043e\u0449\u0443\u0432\u043a\u0438 \u0432 \u043b\u0443\u043a\u0441\u043e\u0437\u043d\u0430 \u043a\u044a\u0449\u0430 \u0432\u044a\u0432 \u0412\u0435\u043b\u0438\u043a\u043e \u0422\u044a\u0440\u043d\u043e\u0432\u043e","description":"\u0426\u0435\u043d\u0438 \u0437\u0430 \u043d\u043e\u0449\u0443\u0432\u043a\u0430 \u0432 \u0427\u0430\u043c\u0443\u0440\u043a\u043e\u0432\u0430\u0442\u0430 \u0433\u0440\u0430\u0434\u0441\u043a\u0430 \u043a\u044a\u0449\u0430 \u0432 \u0446\u0435\u043d\u0442\u044a\u0440\u0430 \u043d\u0430 \u0412\u0435\u043b\u0438\u043a\u043e \u0422\u044a\u0440\u043d\u043e\u0432\u043e, \u0431\u043b\u0438\u0437\u043e \u0434\u043e \u0432\u0441\u0438\u0447\u043a\u0438 \u0437\u0430\u0431\u0435\u043b\u0435\u0436\u0438\u0442\u0435\u043b\u043d\u043e\u0441\u0442\u0438 \u0438 \u0440\u0435\u0441\u0442\u043e\u0440\u0430\u043d\u0442\u0438...","robots":{"index":"index","follow":"follow","max-snippet":"max-snippet:-1","max-image-preview":"max-image-preview:large","max-video-preview":"max-video-preview:-1"},"canonical":"https:\/\/chamurkovcity.com\/ro\/preturi\/","og_locale":"ro_RO","og_type":"article","og_title":"Preturi - Pensiunea Chamurkov Centrul - \u043d\u043e\u0449\u0443\u0432\u043a\u0438 \u0432 \u043b\u0443\u043a\u0441\u043e\u0437\u043d\u0430 \u043a\u044a\u0449\u0430 \u0432\u044a\u0432 \u0412\u0435\u043b\u0438\u043a\u043e \u0422\u044a\u0440\u043d\u043e\u0432\u043e","og_description":"\u0426\u0435\u043d\u0438 \u0437\u0430 \u043d\u043e\u0449\u0443\u0432\u043a\u0430 \u0432 \u0427\u0430\u043c\u0443\u0440\u043a\u043e\u0432\u0430\u0442\u0430 \u0433\u0440\u0430\u0434\u0441\u043a\u0430 \u043a\u044a\u0449\u0430 \u0432 \u0446\u0435\u043d\u0442\u044a\u0440\u0430 \u043d\u0430 \u0412\u0435\u043b\u0438\u043a\u043e \u0422\u044a\u0440\u043d\u043e\u0432\u043e, \u0431\u043b\u0438\u0437\u043e \u0434\u043e \u0432\u0441\u0438\u0447\u043a\u0438 \u0437\u0430\u0431\u0435\u043b\u0435\u0436\u0438\u0442\u0435\u043b\u043d\u043e\u0441\u0442\u0438 \u0438 \u0440\u0435\u0441\u0442\u043e\u0440\u0430\u043d\u0442\u0438...","og_url":"https:\/\/chamurkovcity.com\/ro\/preturi\/","og_site_name":"Pensiunea Chamurkov Centrul","article_modified_time":"2026-04-09T16:08:47+00:00","twitter_card":"summary_large_image","twitter_misc":{"Timp estimat pentru citire":"1 minut"},"schema":{"@context":"https:\/\/schema.org","@graph":[{"@type":"WebPage","@id":"https:\/\/chamurkovcity.com\/ro\/preturi\/","url":"https:\/\/chamurkovcity.com\/ro\/preturi\/","name":"Preturi - Pensiunea Chamurkov Centrul - \u043d\u043e\u0449\u0443\u0432\u043a\u0438 \u0432 \u043b\u0443\u043a\u0441\u043e\u0437\u043d\u0430 \u043a\u044a\u0449\u0430 \u0432\u044a\u0432 \u0412\u0435\u043b\u0438\u043a\u043e \u0422\u044a\u0440\u043d\u043e\u0432\u043e","isPartOf":{"@id":"https:\/\/chamurkovcity.com\/ro\/#website"},"datePublished":"2024-03-10T12:17:06+00:00","dateModified":"2026-04-09T16:08:47+00:00","description":"\u0426\u0435\u043d\u0438 \u0437\u0430 \u043d\u043e\u0449\u0443\u0432\u043a\u0430 \u0432 \u0427\u0430\u043c\u0443\u0440\u043a\u043e\u0432\u0430\u0442\u0430 \u0433\u0440\u0430\u0434\u0441\u043a\u0430 \u043a\u044a\u0449\u0430 \u0432 \u0446\u0435\u043d\u0442\u044a\u0440\u0430 \u043d\u0430 \u0412\u0435\u043b\u0438\u043a\u043e \u0422\u044a\u0440\u043d\u043e\u0432\u043e, \u0431\u043b\u0438\u0437\u043e \u0434\u043e \u0432\u0441\u0438\u0447\u043a\u0438 \u0437\u0430\u0431\u0435\u043b\u0435\u0436\u0438\u0442\u0435\u043b\u043d\u043e\u0441\u0442\u0438 \u0438 \u0440\u0435\u0441\u0442\u043e\u0440\u0430\u043d\u0442\u0438...","breadcrumb":{"@id":"https:\/\/chamurkovcity.com\/ro\/preturi\/#breadcrumb"},"inLanguage":"ro-RO","potentialAction":[{"@type":"ReadAction","target":["https:\/\/chamurkovcity.com\/ro\/preturi\/"]}]},{"@type":"BreadcrumbList","@id":"https:\/\/chamurkovcity.com\/ro\/preturi\/#breadcrumb","itemListElement":[{"@type":"ListItem","position":1,"name":"Home","item":"https:\/\/chamurkovcity.com\/ro\/"},{"@type":"ListItem","position":2,"name":"Preturi"}]},{"@type":"WebSite","@id":"https:\/\/chamurkovcity.com\/ro\/#website","url":"https:\/\/chamurkovcity.com\/ro\/","name":"Chamurkov City","description":"O pensiune de lux cu curte \u00een centrul ora\u0219ului Veliko Tarnovo","potentialAction":[{"@type":"SearchAction","target":{"@type":"EntryPoint","urlTemplate":"https:\/\/chamurkovcity.com\/ro\/?s={search_term_string}"},"query-input":{"@type":"PropertyValueSpecification","valueRequired":true,"valueName":"search_term_string"}}],"inLanguage":"ro-RO"}]}},"_links":{"self":[{"href":"https:\/\/chamurkovcity.com\/ro\/wp-json\/wp\/v2\/pages\/4546","targetHints":{"allow":["GET"]}}],"collection":[{"href":"https:\/\/chamurkovcity.com\/ro\/wp-json\/wp\/v2\/pages"}],"about":[{"href":"https:\/\/chamurkovcity.com\/ro\/wp-json\/wp\/v2\/types\/page"}],"author":[{"embeddable":true,"href":"https:\/\/chamurkovcity.com\/ro\/wp-json\/wp\/v2\/users\/2"}],"replies":[{"embeddable":true,"href":"https:\/\/chamurkovcity.com\/ro\/wp-json\/wp\/v2\/comments?post=4546"}],"version-history":[{"count":0,"href":"https:\/\/chamurkovcity.com\/ro\/wp-json\/wp\/v2\/pages\/4546\/revisions"}],"wp:attachment":[{"href":"https:\/\/chamurkovcity.com\/ro\/wp-json\/wp\/v2\/media?parent=4546"}],"curies":[{"name":"wp","href":"https:\/\/api.w.org\/{rel}","templated":true}]}}